{"id":9437,"date":"2022-03-31T12:31:12","date_gmt":"2022-03-31T10:31:12","guid":{"rendered":"http:\/\/185.198.182.77\/?page_id=9437"},"modified":"2022-03-31T14:04:01","modified_gmt":"2022-03-31T12:04:01","slug":"23-anos-del-centro-social-el-galpon-de-corrales-departamento-de-montevideo-uruguay","status":"publish","type":"page","link":"https:\/\/reyheredia.es\/?page_id=9437","title":{"rendered":"23 A\u00f1os del Centro Social el Galp\u00f3n de Corrales &#8211; Departamento de Montevideo, Uruguay"},"content":{"rendered":"<p>[fusion_builder_container hundred_percent=\u00bbno\u00bb equal_height_columns=\u00bbno\u00bb menu_anchor=\u00bb\u00bb hide_on_mobile=\u00bbsmall-visibility,medium-visibility,large-visibility\u00bb class=\u00bb\u00bb id=\u00bb\u00bb background_color=\u00bb\u00bb background_image=\u00bb\u00bb background_position=\u00bbcenter center\u00bb background_repeat=\u00bbno-repeat\u00bb fade=\u00bbno\u00bb background_parallax=\u00bbnone\u00bb parallax_speed=\u00bb0.3&#8243; video_mp4=\u00bb\u00bb video_webm=\u00bb\u00bb video_ogv=\u00bb\u00bb video_url=\u00bb\u00bb video_aspect_ratio=\u00bb16:9&#8243; video_loop=\u00bbyes\u00bb video_mute=\u00bbyes\u00bb overlay_color=\u00bb\u00bb video_preview_image=\u00bb\u00bb border_size=\u00bb\u00bb border_color=\u00bb\u00bb border_style=\u00bbsolid\u00bb padding_top=\u00bb\u00bb padding_bottom=\u00bb\u00bb padding_left=\u00bb\u00bb padding_right=\u00bb\u00bb][fusion_builder_row][fusion_builder_column type=\u00bb1_1&#8243; layout=\u00bb1_2&#8243; spacing=\u00bb\u00bb center_content=\u00bbno\u00bb link=\u00bb\u00bb target=\u00bb_self\u00bb min_height=\u00bb\u00bb hide_on_mobile=\u00bbsmall-visibility,medium-visibility,large-visibility\u00bb class=\u00bb\u00bb id=\u00bb\u00bb background_color=\u00bb\u00bb background_image=\u00bb\u00bb background_image_id=\u00bb\u00bb background_position=\u00bbleft top\u00bb background_repeat=\u00bbno-repeat\u00bb hover_type=\u00bbnone\u00bb border_size=\u00bb0&#8243; border_color=\u00bb\u00bb border_style=\u00bbsolid\u00bb border_position=\u00bball\u00bb border_radius=\u00bb\u00bb box_shadow=\u00bbno\u00bb dimension_box_shadow=\u00bb\u00bb box_shadow_blur=\u00bb0&#8243; box_shadow_spread=\u00bb0&#8243; box_shadow_color=\u00bb\u00bb box_shadow_style=\u00bb\u00bb padding_top=\u00bb\u00bb padding_right=\u00bb\u00bb padding_bottom=\u00bb\u00bb padding_left=\u00bb\u00bb margin_top=\u00bb\u00bb margin_bottom=\u00bb\u00bb animation_type=\u00bb\u00bb animation_direction=\u00bbleft\u00bb animation_speed=\u00bb0.3&#8243; animation_offset=\u00bb\u00bb last=\u00bbno\u00bb][fusion_text columns=\u00bb\u00bb column_min_width=\u00bb\u00bb column_spacing=\u00bb\u00bb rule_style=\u00bbdefault\u00bb rule_size=\u00bb\u00bb rule_color=\u00bb\u00bb hide_on_mobile=\u00bbsmall-visibility,medium-visibility,large-visibility\u00bb class=\u00bb\u00bb id=\u00bb\u00bb]<\/p>\n<p style=\"text-align: justify;\"><em><strong>El pas\u00e1do s\u00e1bado 19 de marzo<\/strong><\/em> los y las compa\u00f1eras del <em><strong>Galp\u00f3n de Corrales, festejaron los 23 a\u00f1os de vida del centro social.<\/strong><\/em><br \/>\nSin duda alguna, estos a\u00f1os han sido de lucha, compromiso y organizaci\u00f3n junto al barrio, extendiendo la mano solidaria a quienes m\u00e1s lo necesitan a trav\u00e9s del funcionamiento de la olla popular.<\/p>\n<p style=\"text-align: justify;\"><a href=\"https:\/\/www.facebook.com\/galpon.corrales\" target=\"_blank\" rel=\"noopener\"><em><strong>El Centro Social \u201cEl Galp\u00f3n de Corrales\u201d<\/strong><\/em><\/a> se inaugur\u00f3 un <em><strong>14 de marzo de 1999<\/strong><\/em> con la apertura del comedor popular <em><strong>\u201cVilla Espa\u00f1ola\u201d<\/strong><\/em> con el fin de buscar soluciones colectivas, enmarcadas en las actividades de \u201casistencia participativas\u201d.<\/p>\n<p style=\"text-align: justify;\">Hoy en d\u00eda el Galp\u00f3n de Corrales <em><strong>es un lugar representativo del barrio<\/strong><\/em> que se extiende como unificador de las distintas experiencias y <em><strong>potenciador de los esfuerzos que a partir de diversas actividades<\/strong><\/em> se desarrollan, enmarcadas en un proyecto que tiene como objetivo el de articulador en la defensa de los m\u00e1s amplios derechos.<\/p>\n<p style=\"text-align: justify;\">Se realizan actividades de <em><strong>tipo social, solidarias, culturales y educativas, actividades de comunicaci\u00f3n popular<\/strong><\/em>, como tambi\u00e9n emprendimientos productivos como la cooperativa de clasificadores \u201cGalponeros\u201d, cuya cede sindical se encuentra en el Galp\u00f3n.<\/p>\n<p style=\"text-align: justify;\">Seg\u00fan los actores de la instituci\u00f3n, <em><strong>\u201choy por hoy, el Galp\u00f3n de Corrales contin\u00faa con la misma l\u00ednea, el mismo principio y el esp\u00edritu de solidaridad y de lucha, con el desempe\u00f1o constante de actividades sociales, decidido en albergar solidariamente las actividades de nuestro barrio y aportando esfuerzos al avance cotidiano hacia un nuevo ma\u00f1ana que empieza hoy con el lento pero firme trabajo del d\u00eda a d\u00eda son el cual no podemos pretender cambios en la sociedad\u201d<\/strong><\/em>.<\/p>\n<p>[\/fusion_text][\/fusion_builder_column][fusion_builder_column type=\u00bb1_1&#8243; layout=\u00bb1_1&#8243; spacing=\u00bb\u00bb center_content=\u00bbno\u00bb link=\u00bb\u00bb target=\u00bb_self\u00bb min_height=\u00bb\u00bb hide_on_mobile=\u00bbsmall-visibility,medium-visibility,large-visibility\u00bb class=\u00bb\u00bb id=\u00bb\u00bb background_color=\u00bb\u00bb background_image=\u00bb\u00bb background_image_id=\u00bb\u00bb background_position=\u00bbleft top\u00bb background_repeat=\u00bbno-repeat\u00bb hover_type=\u00bbnone\u00bb border_size=\u00bb0&#8243; border_color=\u00bb\u00bb border_style=\u00bbsolid\u00bb border_position=\u00bball\u00bb border_radius=\u00bb\u00bb box_shadow=\u00bbno\u00bb dimension_box_shadow=\u00bb\u00bb box_shadow_blur=\u00bb0&#8243; box_shadow_spread=\u00bb0&#8243; box_shadow_color=\u00bb\u00bb box_shadow_style=\u00bb\u00bb padding_top=\u00bb\u00bb padding_right=\u00bb\u00bb padding_bottom=\u00bb\u00bb padding_left=\u00bb\u00bb margin_top=\u00bb\u00bb margin_bottom=\u00bb\u00bb animation_type=\u00bb\u00bb animation_direction=\u00bbleft\u00bb animation_speed=\u00bb0.3&#8243; animation_offset=\u00bb\u00bb last=\u00bbno\u00bb][fusion_images picture_size=\u00bbfixed\u00bb hover_type=\u00bbliftup\u00bb autoplay=\u00bbno\u00bb columns=\u00bb5&#8243; column_spacing=\u00bb13&#8243; scroll_items=\u00bb\u00bb show_nav=\u00bbno\u00bb mouse_scroll=\u00bbno\u00bb border=\u00bbno\u00bb lightbox=\u00bbno\u00bb hide_on_mobile=\u00bbsmall-visibility,medium-visibility,large-visibility\u00bb class=\u00bb\u00bb id=\u00bb\u00bb][fusion_image image=\u00bbhttp:\/\/185.198.182.77\/wp-content\/uploads\/2022\/03\/galpon_de_corrales_2-300&#215;176.jpg\u00bb image_id=\u00bb9422|medium\u00bb link=\u00bbhttp:\/\/185.198.182.77\/wp-content\/uploads\/2022\/03\/galpon_de_corrales_2.jpg\u00bb linktarget=\u00bb_blank\u00bb alt=\u00bb\u00bb \/][fusion_image image=\u00bbhttp:\/\/185.198.182.77\/wp-content\/uploads\/2022\/03\/csimggarpon1-300&#215;164.jpg\u00bb image_id=\u00bb9441|medium\u00bb link=\u00bbhttp:\/\/185.198.182.77\/wp-content\/uploads\/2022\/03\/csimggarpon1.jpg\u00bb linktarget=\u00bb_blank\u00bb alt=\u00bb\u00bb \/][\/fusion_images][\/fusion_builder_column][\/fusion_builder_row][\/fusion_builder_container][fusion_builder_container hundred_percent=\u00bbno\u00bb hundred_percent_height=\u00bbno\u00bb hundred_percent_height_scroll=\u00bbno\u00bb hundred_percent_height_center_content=\u00bbyes\u00bb equal_height_columns=\u00bbno\u00bb menu_anchor=\u00bb\u00bb hide_on_mobile=\u00bbsmall-visibility,medium-visibility,large-visibility\u00bb status=\u00bbpublished\u00bb publish_date=\u00bb\u00bb class=\u00bb\u00bb id=\u00bb\u00bb background_color=\u00bb\u00bb background_image=\u00bb\u00bb background_position=\u00bbcenter center\u00bb background_repeat=\u00bbno-repeat\u00bb fade=\u00bbno\u00bb background_parallax=\u00bbnone\u00bb enable_mobile=\u00bbno\u00bb parallax_speed=\u00bb0.3&#8243; video_mp4=\u00bb\u00bb video_webm=\u00bb\u00bb video_ogv=\u00bb\u00bb video_url=\u00bb\u00bb video_aspect_ratio=\u00bb16:9&#8243; video_loop=\u00bbyes\u00bb video_mute=\u00bbyes\u00bb video_preview_image=\u00bb\u00bb border_size=\u00bb\u00bb border_color=\u00bb\u00bb border_style=\u00bbsolid\u00bb margin_top=\u00bb\u00bb margin_bottom=\u00bb\u00bb padding_top=\u00bb\u00bb padding_right=\u00bb\u00bb padding_bottom=\u00bb\u00bb padding_left=\u00bb\u00bb][fusion_builder_row][\/fusion_builder_row][\/fusion_builder_container]<\/p>\n","protected":false},"excerpt":{"rendered":"<p>[fusion_builder_container hundred_percent=\u00bbno\u00bb equal_height_columns=\u00bbno\u00bb menu_anchor=\u00bb\u00bb hide_on_mobile=\u00bbsmall-visibility,medium-visibility,large-visibility\u00bb class=\u00bb\u00bb id=\u00bb\u00bb background_color=\u00bb\u00bb background_image=\u00bb\u00bb background_position=\u00bbcenter center\u00bb background_repeat=\u00bbno-repeat\u00bb fade=\u00bbno\u00bb background_parallax=\u00bbnone\u00bb parallax_speed=\u00bb0.3&#8243; video_mp4=\u00bb\u00bb video_webm=\u00bb\u00bb video_ogv=\u00bb\u00bb video_url=\u00bb\u00bb video_aspect_ratio=\u00bb16:9&#8243;<\/p>\n","protected":false},"author":1,"featured_media":9422,"parent":0,"menu_order":0,"comment_status":"closed","ping_status":"closed","template":"","meta":{"colormag_page_container_layout":"default_layout","colormag_page_sidebar_layout":"default_layout","footnotes":""},"class_list":["post-9437","page","type-page","status-publish","has-post-thumbnail","hentry"],"_links":{"self":[{"href":"https:\/\/reyheredia.es\/index.php?rest_route=\/wp\/v2\/pages\/9437","targetHints":{"allow":["GET"]}}],"collection":[{"href":"https:\/\/reyheredia.es\/index.php?rest_route=\/wp\/v2\/pages"}],"about":[{"href":"https:\/\/reyheredia.es\/index.php?rest_route=\/wp\/v2\/types\/page"}],"author":[{"embeddable":true,"href":"https:\/\/reyheredia.es\/index.php?rest_route=\/wp\/v2\/users\/1"}],"replies":[{"embeddable":true,"href":"https:\/\/reyheredia.es\/index.php?rest_route=%2Fwp%2Fv2%2Fcomments&post=9437"}],"version-history":[{"count":0,"href":"https:\/\/reyheredia.es\/index.php?rest_route=\/wp\/v2\/pages\/9437\/revisions"}],"wp:featuredmedia":[{"embeddable":true,"href":"https:\/\/reyheredia.es\/index.php?rest_route=\/wp\/v2\/media\/9422"}],"wp:attachment":[{"href":"https:\/\/reyheredia.es\/index.php?rest_route=%2Fwp%2Fv2%2Fmedia&parent=9437"}],"curies":[{"name":"wp","href":"https:\/\/api.w.org\/{rel}","templated":true}]}}