{"id":8,"date":"2019-03-26T10:54:26","date_gmt":"2019-03-26T09:54:26","guid":{"rendered":"http:\/\/www.reyheredia.es\/wordpress\/index.php\/1-quienes-somos\/"},"modified":"2025-04-15T08:16:08","modified_gmt":"2025-04-15T06:16:08","slug":"1-quienes-somos","status":"publish","type":"page","link":"https:\/\/reyheredia.es\/?page_id=8","title":{"rendered":"1\u00ba \u00bfQui\u00e9nes somos?"},"content":{"rendered":"<p><img loading=\"lazy\" decoding=\"async\" class=\"alignright wp-image-342 size-full\" src=\"\/wp-content\/uploads\/2019\/09\/gloria.gif\" alt=\"Espacios P\u00fablicos para el Pueblo\" width=\"168\" height=\"368\" \/><\/p>\n<p style=\"text-align: justify;\">Somos un conjunto de personas y colectivos de C\u00f3rdoba que hemos\u00a0decidido no resignarnos ante las agresiones que los grandes poderes\u00a0econ\u00f3micos est\u00e1n desplegando contra el pueblo. Tenemos la certeza de\u00a0que la situaci\u00f3n s\u00f3lo puede cambiar a favor de la ciudadan\u00eda si tomamos\u00a0conciencia y actuamos colectivamente. Creemos necesario salir a la calle\u00a0y estar en la ca lle para luchar contra la pol\u00edtica de recortes de los distintos\u00a0gobiernos sin distinci\u00f3n, para defender el derecho al trabajo, a una\u00a0vivienda digna y los derechos sociales de las personas. Los gobiernos\u00a0han venido trabajando para rescatar a la banca, la ciudadan\u00eda tiene que\u00a0movilizarse para rescatar a las personas.<\/p>\n<p style=\"text-align: justify;\"><strong>Queremos cambiar las cosas<\/strong><\/p>\n<p style=\"text-align: justify;\">Porque sabemos que es posible. La realidad no es inmutable. La historia\u00a0nos demuestra que los sistemas pol\u00edticos, sociales y econ\u00f3micos pueden\u00a0transformarse si hay voluntad y se ejerce la fuerza necesaria para\u00a0cambiar el rumbo. Nuestra fuerza radica en que somos la mayor parte\u00a0de la sociedad, que ejercemos como clase trabajadora, como agentes\u00a0consumidores y como ciudadanas y ciudadanos activos. Por ello, unimos\u00a0nuestras fuerzas y capacidades para:<\/p>\n<p style=\"text-align: justify;\">&#8211; Sensibilizar y movilizar a la ciudadan\u00eda cordobesa para que luche por\u00a0la defensa de los derechos que nos est\u00e1n arrebatando los diferentes\u00a0gobiernos con pol\u00edticas de continua restricci\u00f3n en las condiciones\u00a0econ\u00f3micas y laborales de la mayor\u00eda, de los servicios y prestaciones\u00a0p\u00fablicos y de las libertades civiles.<\/p>\n<p style=\"text-align: justify;\">&#8211; Demostrar que es posible conseguir cambiar las situaciones y tomar la\u00a0iniciativa sobre c\u00f3mo queremos que funcione nuestra sociedad, movilizando\u00a0a los colectivos de los barrios (personas paradas, trabajadoras\u00a0precarias, estudiantes, jubiladas, &#8230; ) y hacer valer entre todas y todos\u00a0la capacidad de la acci\u00f3n colectiva.<\/p>\n<p style=\"text-align: justify;\">&#8211; Mostrar a las instituciones p\u00fablicas y grupos de poder que no aceptaremos\u00a0resignarnos con las pol\u00edticas que nos imponen y que, o priorizan\u00a0a las personas o nos tendr\u00e1n enfrente para decir que estamos aqu\u00ed y\u00a0no nos conformamos.<\/p>\n<p><!--more--><\/p>\n<p><strong style=\"line-height: 1.5;\"><span style=\"font-size: 14pt;\">2\u00ba \u00bfC\u00f3mo funcionamos?<\/span><\/strong><\/p>\n<header><img loading=\"lazy\" decoding=\"async\" class=\"alignleft wp-image-368 size-full\" src=\"\/wp-content\/uploads\/2019\/09\/pepa.gif\" alt=\"Espacios P\u00fablicos para el Pueblo\" width=\"177\" height=\"487\" \/><\/header>\n<header>El Centro Social Rey Heredia est\u00e1 abierto de forma habitual de lunes a viernes desde las 10.00 hasta las 21.00 horas.<span style=\"text-align: justify; line-height: 1.5;\">En el Rey Heredia se toman las principales decisiones en Asamblea que se convocan siempre que se estima necesario.<\/span><\/header>\n<p style=\"text-align: justify;\">Adem\u00e1s, cada semana se re\u00fane la Comisi\u00f3n de Coordinaci\u00f3n, cuyas funciones son organizar las tareas cotidianas del Centro, convocar jornadas de trabajo, distribuir los espacios para las distintas actividades o encargarse de la comunicaci\u00f3n.<\/p>\n<p style=\"text-align: justify;\">Hay una serie de actividades fijas que se desarrollan en el Centro con car\u00e1cter peri\u00f3dico que van desde la Cocina Abierta, la Biblioteca del Centro,Radio Dignidad, Clases de Idiomas en diferentes niveles, o el Proyecto Educativo Socio afectivo (clases de apoyo).<\/p>\n<p style=\"text-align: justify;\">Tambi\u00e9n se re\u00fanen colectivos o grupos de trabajo como son las Marchas de la Dignidad, MOVANRE, GrupoTT (Todes Transformando), la Asamblea Pro-Personas Refugiadas, la Plataforma por la Renta B\u00e1sica o la Marea Blanca.Adem\u00e1s, se realizan movilizaciones, talleres, cursos, conferencias, proyecciones, exposiciones, reuniones y otras actividades que se van anunciando en los tablones de informaci\u00f3n del Centro y cada semana a trav\u00e9s de sus canales de comunicaci\u00f3n:<\/p>\n<p style=\"text-align: justify;\"><a href=\"http:\/\/www.reyheredia.es\">http:\/\/www.reyheredia.es<\/a><\/p>\n<p style=\"text-align: justify;\"><a href=\"https:\/\/www.facebook.com\/acampadadignidad\">https:\/\/www.facebook.com\/acampadadignidad<\/a><\/p>\n<p><strong><span style=\"font-size: 14pt;\">3\u00ba \u00bfC\u00f3mo participar?<\/span><\/strong><\/p>\n<p style=\"text-align: justify;\">Si quieres participar de forma solidaria en cualquiera de estas actividades, proponer la realizaci\u00f3n de otras o colaborar en cualquier otra forma, p\u00e1sate por el Centro y te indicaremos como puedes hacerlo.<\/p>\n<p style=\"text-align: justify;\">Tambi\u00e9n puedes enviarnos un correo electr\u00f3nico a esta direcci\u00f3n:\u00a0<span id=\"cloakefeccff6675be46955d5de88d4031864\"><a href=\"mailto:info.reyheredia@gmail.com\">info.reyheredia@gmail.com<\/a><\/span><\/p>\n<table>\n<tbody>\n<tr>\n<td style=\"background-color: #ffe4b5;\"><strong>Derechos de las asociaciones, colectivos o personas que participan en el Centro:<\/strong><\/td>\n<\/tr>\n<tr>\n<td>\n<p style=\"text-align: justify;\">\u2022 Uso de los espacios e infraestructura del Centro, previamente solicitado al grupo\u00a0de coordinaci\u00f3n o Asamblea.<\/p>\n<p style=\"text-align: justify;\">\u2022 Estar informados de los pormenores de la organizaci\u00f3n del centro.<\/p>\n<p style=\"text-align: justify;\">\u2022 Formar parte de la Asamblea y de la Comisi\u00f3n de Coordinaci\u00f3n.<\/p>\n<\/td>\n<\/tr>\n<tr>\n<td style=\"background-color: #ffe4b5;\"><strong>Deberes de las asociaciones y colectivos:<\/strong><\/td>\n<\/tr>\n<tr>\n<td>\n<p style=\"text-align: justify;\">\u2022 Presentar una solicitud formalmente, por correo-e: <a href=\"mailto:info.reyheredia@gmail.com\">info.reyheredia@gmail.com<\/a> o presencialmente en la reuni\u00f3n de coordinaci\u00f3n que se celebra todos los martes a las 19:00h para realizar un proyecto, taller, charla, debate, reuni\u00f3n&#8230;<\/p>\n<p>O rellenando este <em><strong><a href=\"http:\/\/www.reyheredia.es\/?page_id=1\">Formulario<\/a>\u00a0<\/strong><\/em><\/p>\n<p style=\"text-align: justify;\">\u2022 Comprometerse a respetar en todo el momento el trabajo de los dem\u00e1s colectivos y personas.<\/p>\n<p style=\"text-align: justify;\">\u2022 Implicarse en los proyectos comunes del Centro, en la medida de sus posibilidades y de acuerdo con sus propios objetivos.<\/p>\n<p style=\"text-align: justify;\">\u2022 Cuidar los espacios tanto comunes como particulares y cumplir las medidas de seguridad. En particular, todos cuidar\u00e1n de mantener abierta la cancela m\u00e1s pr\u00f3xima al acceso trasero al edificio mientras haya en la casa alguna persona, y de cerrarla cuando no haya nadie. Participar en la limpieza y mantenimiento del centro.<\/p>\n<p style=\"text-align: justify;\">\u2022 Participar en las actividades de autogesti\u00f3n que se realicen en el centro.<\/p>\n<p style=\"text-align: justify;\">\u2022 Enfoque de g\u00e9nero y uso de un lenguaje inclusivo en todas las actuaciones.<\/p>\n<p style=\"text-align: justify;\">\u2022 Realizar las actividades con la mayor autonom\u00eda posible, pudiendo recabar colaboraci\u00f3n a trav\u00e9s de la comisi\u00f3n de Coordinaci\u00f3n.<\/p>\n<\/td>\n<\/tr>\n<\/tbody>\n<\/table>\n<p>[\/fusion_text][\/fusion_builder_column][\/fusion_builder_row][\/fusion_builder_container]<\/p>\n","protected":false},"excerpt":{"rendered":"<p>Somos un conjunto de personas y colectivos de C\u00f3rdoba que hemos\u00a0decidido no resignarnos ante las agresiones que los grandes poderes\u00a0econ\u00f3micos<\/p>\n","protected":false},"author":1,"featured_media":0,"parent":0,"menu_order":2,"comment_status":"closed","ping_status":"closed","template":"","meta":{"colormag_page_container_layout":"default_layout","colormag_page_sidebar_layout":"default_layout","footnotes":""},"class_list":["post-8","page","type-page","status-publish","hentry"],"_links":{"self":[{"href":"https:\/\/reyheredia.es\/index.php?rest_route=\/wp\/v2\/pages\/8","targetHints":{"allow":["GET"]}}],"collection":[{"href":"https:\/\/reyheredia.es\/index.php?rest_route=\/wp\/v2\/pages"}],"about":[{"href":"https:\/\/reyheredia.es\/index.php?rest_route=\/wp\/v2\/types\/page"}],"author":[{"embeddable":true,"href":"https:\/\/reyheredia.es\/index.php?rest_route=\/wp\/v2\/users\/1"}],"replies":[{"embeddable":true,"href":"https:\/\/reyheredia.es\/index.php?rest_route=%2Fwp%2Fv2%2Fcomments&post=8"}],"version-history":[{"count":0,"href":"https:\/\/reyheredia.es\/index.php?rest_route=\/wp\/v2\/pages\/8\/revisions"}],"wp:attachment":[{"href":"https:\/\/reyheredia.es\/index.php?rest_route=%2Fwp%2Fv2%2Fmedia&parent=8"}],"curies":[{"name":"wp","href":"https:\/\/api.w.org\/{rel}","templated":true}]}}