{"id":738,"date":"2019-10-15T22:04:12","date_gmt":"2019-10-15T20:04:12","guid":{"rendered":"http:\/\/www.reyheredia.es\/?page_id=738"},"modified":"2021-10-27T13:28:10","modified_gmt":"2021-10-27T11:28:10","slug":"como-funcionamos","status":"publish","type":"page","link":"https:\/\/reyheredia.es\/?page_id=738","title":{"rendered":"\u00bfC\u00f3mo funcionamos?"},"content":{"rendered":"<p>El Centro Social Rey Heredia est\u00e1 abierto de forma habitual de <em><strong>lunes a viernes desde las 10.00 hasta las 21.00 horas<\/strong><\/em>.<\/p>\n<p style=\"text-align: right;\"><a href=\"\/wp-content\/uploads\/2019\/10\/informacion_general_CSRH_marzo_2018-redes-1.pdf\" target=\"_blank\" rel=\"noopener noreferrer\" data-wp-editing=\"1\"><img loading=\"lazy\" decoding=\"async\" class=\"wp-image-415 size-full alignnone\" src=\"http:\/\/185.198.182.77:8086\/wp-content\/uploads\/2019\/09\/pdf_button.png\" alt=\"\" width=\"14\" height=\"14\" \/><em><strong> Documento de informaci\u00f3n general del Centro.<\/strong><\/em><\/a><\/p>\n<p style=\"text-align: justify;\">En el Rey Heredia se toman las principales decisiones en Asamblea que se convocan siempre que se estima necesario. Adem\u00e1s, cada semana se re\u00fane la Comisi\u00f3n de Coordinaci\u00f3n, cuyas funciones son organizar las tareas cotidianas del Centro, convocar jornadas de trabajo, distribuir los espacios para las distintas actividades o encargarse de la comunicaci\u00f3n.<\/p>\n<p style=\"text-align: justify;\">Hay una serie de actividades fijas que se desarrollan en el Centro con car\u00e1cter peri\u00f3dico que van desde la Cocina Abierta, la Biblioteca del Centro, Radio Dignidad, Clases de Idiomas en diferentes niveles, o el Proyecto Educativo Socioafectivo (clases de apoyo). Tambi\u00e9n se re\u00fanen colectivos o grupos de trabajo como son las Marchas de la Dignidad, MOVANRE, Grupo TT (Todes Transformando), la Asamblea Pro-Personas Refugiadas, la Plataforma por la Renta B\u00e1sica o la Marea Blanca.<\/p>\n<p style=\"text-align: justify;\">Adem\u00e1s, se realizan movilizaciones, talleres, cursos, conferencias, proyecciones, exposiciones, reuniones y otras actividades que se van anunciando en los tablones de informaci\u00f3n del Centro y cada semana a trav\u00e9s de sus canales de comunicaci\u00f3n:<\/p>\n<p style=\"text-align: justify;\"><a href=\"https:\/\/www.facebook.com\/acampadadignidad\" target=\"_blank\" rel=\"noopener noreferrer\"><img loading=\"lazy\" decoding=\"async\" class=\"alignnone wp-image-403\" src=\"\/wp-content\/uploads\/2019\/09\/Facebook.gif\" alt=\"\" width=\"20\" height=\"19\" \/>\u00a0 www.facebook.com\/acampadadignidad<\/a><\/p>\n<p>&nbsp;<\/p>\n","protected":false},"excerpt":{"rendered":"<p>El Centro Social Rey Heredia est\u00e1 abierto de forma habitual de lunes a viernes desde las 10.00 hasta las 21.00<\/p>\n","protected":false},"author":1,"featured_media":0,"parent":0,"menu_order":0,"comment_status":"closed","ping_status":"closed","template":"","meta":{"colormag_page_container_layout":"default_layout","colormag_page_sidebar_layout":"default_layout","footnotes":""},"class_list":["post-738","page","type-page","status-publish","hentry"],"_links":{"self":[{"href":"https:\/\/reyheredia.es\/index.php?rest_route=\/wp\/v2\/pages\/738","targetHints":{"allow":["GET"]}}],"collection":[{"href":"https:\/\/reyheredia.es\/index.php?rest_route=\/wp\/v2\/pages"}],"about":[{"href":"https:\/\/reyheredia.es\/index.php?rest_route=\/wp\/v2\/types\/page"}],"author":[{"embeddable":true,"href":"https:\/\/reyheredia.es\/index.php?rest_route=\/wp\/v2\/users\/1"}],"replies":[{"embeddable":true,"href":"https:\/\/reyheredia.es\/index.php?rest_route=%2Fwp%2Fv2%2Fcomments&post=738"}],"version-history":[{"count":0,"href":"https:\/\/reyheredia.es\/index.php?rest_route=\/wp\/v2\/pages\/738\/revisions"}],"wp:attachment":[{"href":"https:\/\/reyheredia.es\/index.php?rest_route=%2Fwp%2Fv2%2Fmedia&parent=738"}],"curies":[{"name":"wp","href":"https:\/\/api.w.org\/{rel}","templated":true}]}}