{"id":4024,"date":"2020-09-28T22:14:39","date_gmt":"2020-09-28T20:14:39","guid":{"rendered":"http:\/\/www.reyheredia.es\/?page_id=4024"},"modified":"2024-03-22T20:40:02","modified_gmt":"2024-03-22T19:40:02","slug":"enlaces-de-interes","status":"publish","type":"page","link":"https:\/\/reyheredia.es\/?page_id=4024","title":{"rendered":"ENLACES DE INTERES"},"content":{"rendered":"<div id=\"accordions-11445\" class=\"accordions-11445 accordions\" data-accordions={&quot;lazyLoad&quot;:true,&quot;id&quot;:&quot;11445&quot;,&quot;event&quot;:&quot;click&quot;,&quot;collapsible&quot;:&quot;true&quot;,&quot;heightStyle&quot;:&quot;content&quot;,&quot;animateStyle&quot;:&quot;swing&quot;,&quot;animateDelay&quot;:1000,&quot;navigation&quot;:true,&quot;active&quot;:999,&quot;expandedOther&quot;:&quot;no&quot;}>\r\n                <div id=\"accordions-lazy-11445\" class=\"accordions-lazy\" accordionsId=\"11445\">\r\n                    <\/div>\r\n\r\n    <div class=\"items\"  style=\"display:none\" >\r\n    \r\n            <div post_id=\"11445\" itemcount=\"0\"  header_id=\"header-1711135421930\" id=\"header-1711135421930\" style=\"\" class=\"accordions-head head1711135421930 border-none\" toggle-text=\"\" main-text=\"ORILLA IZQUIERDA RADIO\">\r\n                                    <span id=\"accordion-icons-1711135421930\" class=\"accordion-icons\">\r\n                        <span class=\"accordion-icon-active accordion-plus\"><i class=\"fas fa-chevron-up\"><\/i><\/span>\r\n                        <span class=\"accordion-icon-inactive accordion-minus\"><i class=\"fas fa-chevron-right\"><\/i><\/span>\r\n                    <\/span>\r\n                    <span id=\"header-text-1711135421930\" class=\"accordions-head-title\">ORILLA IZQUIERDA RADIO<\/span>\r\n                            <\/div>\r\n            <div class=\"accordion-content content1711135421930 \">\r\n                <p style=\"text-align: justify\"><a href=\"https:\/\/orillaizquierda.org\" target=\"_blank\" rel=\"noopener\"><img loading=\"lazy\" decoding=\"async\" width=\"300\" height=\"300\" class=\"alignleft wp-image-4028 size-medium\" src=\"https:\/\/reyheredia.es\/wp-content\/uploads\/2020\/09\/ORILLA-IZQUIERDA-RADIO-300x300.png\" alt=\"ORILLA IZQUIERDA RADIO\" srcset=\"https:\/\/reyheredia.es\/wp-content\/uploads\/2020\/09\/ORILLA-IZQUIERDA-RADIO-300x300.png 300w, https:\/\/reyheredia.es\/wp-content\/uploads\/2020\/09\/ORILLA-IZQUIERDA-RADIO-150x150.png 150w, https:\/\/reyheredia.es\/wp-content\/uploads\/2020\/09\/ORILLA-IZQUIERDA-RADIO.png 429w\" sizes=\"auto, (max-width: 300px) 100vw, 300px\" \/><\/a>\u00abNuestra idea siempre ha sido hacer una radio con esp\u00edritu plural, una radio que cuente las cosas que les pasan a la gente y que la hagan los propios colectivos y vecinos del barrio\u00bb<\/p>\n            <\/div>\r\n    \r\n            <div post_id=\"11445\" itemcount=\"1\"  header_id=\"header-1711135421986\" id=\"header-1711135421986\" style=\"\" class=\"accordions-head head1711135421986 border-none\" toggle-text=\"\" main-text=\"CIRCULO CULTURAL JUAN 23\">\r\n                                    <span id=\"accordion-icons-1711135421986\" class=\"accordion-icons\">\r\n                        <span class=\"accordion-icon-active accordion-plus\"><i class=\"fas fa-chevron-up\"><\/i><\/span>\r\n                        <span class=\"accordion-icon-inactive accordion-minus\"><i class=\"fas fa-chevron-right\"><\/i><\/span>\r\n                    <\/span>\r\n                    <span id=\"header-text-1711135421986\" class=\"accordions-head-title\">CIRCULO CULTURAL JUAN 23<\/span>\r\n                            <\/div>\r\n            <div class=\"accordion-content content1711135421986 \">\r\n                <p style=\"text-align: justify\"><a href=\"https:\/\/www.facebook.com\/profile.php?id=100064910313237&locale=es_ES\" target=\"_blank\" rel=\"noopener\"><img loading=\"lazy\" decoding=\"async\" width=\"300\" height=\"300\" class=\"alignleft wp-image-4105 size-medium\" src=\"https:\/\/reyheredia.es\/wp-content\/uploads\/2020\/10\/circulo-juan-23-300x300.jpg\" alt=\"\" srcset=\"https:\/\/reyheredia.es\/wp-content\/uploads\/2020\/10\/circulo-juan-23-300x300.jpg 300w, https:\/\/reyheredia.es\/wp-content\/uploads\/2020\/10\/circulo-juan-23-150x150.jpg 150w, https:\/\/reyheredia.es\/wp-content\/uploads\/2020\/10\/circulo-juan-23-768x770.jpg 768w, https:\/\/reyheredia.es\/wp-content\/uploads\/2020\/10\/circulo-juan-23.jpg 927w\" sizes=\"auto, (max-width: 300px) 100vw, 300px\" \/><\/a>El d\u00eda 20 de Diciembre de 1963 un grupo de personas en C\u00f3rdoba descubrieron que la gran roca que significaba el r\u00e9gimen franquista tenia grietas. Y que unas gotas de agua, continuas, incesantes, podr\u00edan abrir verdaderas brechas de libertad en ella.<br \/>\nAprovecharon una de ellas: La enc\u00edclica \u201cPacis in Terris\u201d del Papa Juan XXIII que se\u00f1alaba un camino para la iglesia m\u00e1s permeable a las inquietudes sociales.<br \/>\nAs\u00ed constituyeron el C\u00edrculo Cultural Juan XXIII y comenzaron una serie de conferencias en las que se reflexionaba sobre la iglesia, la pol\u00edtica, la sociedad...<\/p>\n            <\/div>\r\n    \r\n            <div post_id=\"11445\" itemcount=\"2\"  header_id=\"header-1744368750676\" id=\"header-1744368750676\" style=\"\" class=\"accordions-head head1744368750676 border-none\" toggle-text=\"\" main-text=\"PLATAFORMA R.B.U. C\u00d3RDOBA\">\r\n                                    <span id=\"accordion-icons-1744368750676\" class=\"accordion-icons\">\r\n                        <span class=\"accordion-icon-active accordion-plus\"><i class=\"fas fa-chevron-up\"><\/i><\/span>\r\n                        <span class=\"accordion-icon-inactive accordion-minus\"><i class=\"fas fa-chevron-right\"><\/i><\/span>\r\n                    <\/span>\r\n                    <span id=\"header-text-1744368750676\" class=\"accordions-head-title\">PLATAFORMA R.B.U. C\u00d3RDOBA<\/span>\r\n                            <\/div>\r\n            <div class=\"accordion-content content1744368750676 \">\r\n                <p><a href=\"https:\/\/rentabasicacordoba.com\/\" target=\"_blank\" rel=\"noopener\"><img loading=\"lazy\" decoding=\"async\" width=\"300\" height=\"117\" class=\"alignleft wp-image-12498 size-medium\" src=\"https:\/\/reyheredia.es\/wp-content\/uploads\/2025\/04\/LOGO-RBU_Mesa-de-trabajo-1-copia-2-300x117.png\" alt=\"\" srcset=\"https:\/\/reyheredia.es\/wp-content\/uploads\/2025\/04\/LOGO-RBU_Mesa-de-trabajo-1-copia-2-300x117.png 300w, https:\/\/reyheredia.es\/wp-content\/uploads\/2025\/04\/LOGO-RBU_Mesa-de-trabajo-1-copia-2-1024x398.png 1024w, https:\/\/reyheredia.es\/wp-content\/uploads\/2025\/04\/LOGO-RBU_Mesa-de-trabajo-1-copia-2-768x299.png 768w, https:\/\/reyheredia.es\/wp-content\/uploads\/2025\/04\/LOGO-RBU_Mesa-de-trabajo-1-copia-2.png 1433w\" sizes=\"auto, (max-width: 300px) 100vw, 300px\" \/><\/a>Somos un grupo de colectivos y personas preocupadas por la desigualdad y la pobreza.<\/p>\n<p>Desde la Plataforma Renta B\u00e1sica Universal de C\u00f3rdoba desarrollamos diferentes actividades.<\/p>\n<p>Colaboramos con grupos sociales del Movimiento Ciudadano, la Universidad de C\u00f3rdoba y otras instituciones desarrollando actividades de formaci\u00f3n, difusi\u00f3n y reivindicaci\u00f3n.<\/p>\n<p>Colaboramos con otras organizaciones del Estado y europeas por una Renta B\u00e1sica Incondicional.<\/p>\n            <\/div>\r\n    <\/div>\r\n\r\n\r\n\r\n            <\/div>\n","protected":false},"excerpt":{"rendered":"","protected":false},"author":1,"featured_media":0,"parent":0,"menu_order":0,"comment_status":"closed","ping_status":"closed","template":"","meta":{"colormag_page_container_layout":"default_layout","colormag_page_sidebar_layout":"default_layout","footnotes":""},"class_list":["post-4024","page","type-page","status-publish","hentry"],"_links":{"self":[{"href":"https:\/\/reyheredia.es\/index.php?rest_route=\/wp\/v2\/pages\/4024","targetHints":{"allow":["GET"]}}],"collection":[{"href":"https:\/\/reyheredia.es\/index.php?rest_route=\/wp\/v2\/pages"}],"about":[{"href":"https:\/\/reyheredia.es\/index.php?rest_route=\/wp\/v2\/types\/page"}],"author":[{"embeddable":true,"href":"https:\/\/reyheredia.es\/index.php?rest_route=\/wp\/v2\/users\/1"}],"replies":[{"embeddable":true,"href":"https:\/\/reyheredia.es\/index.php?rest_route=%2Fwp%2Fv2%2Fcomments&post=4024"}],"version-history":[{"count":0,"href":"https:\/\/reyheredia.es\/index.php?rest_route=\/wp\/v2\/pages\/4024\/revisions"}],"wp:attachment":[{"href":"https:\/\/reyheredia.es\/index.php?rest_route=%2Fwp%2Fv2%2Fmedia&parent=4024"}],"curies":[{"name":"wp","href":"https:\/\/api.w.org\/{rel}","templated":true}]}}