{"id":2447,"date":"2020-01-29T11:01:03","date_gmt":"2020-01-29T10:01:03","guid":{"rendered":"http:\/\/www.reyheredia.es\/?page_id=2447"},"modified":"2023-01-11T11:41:24","modified_gmt":"2023-01-11T10:41:24","slug":"asesoria-sanitaria-jueves-de-1000-a-1300-horas","status":"publish","type":"page","link":"https:\/\/reyheredia.es\/?page_id=2447","title":{"rendered":"Consulta M\u00e9dica y Sociosanitaria &#8211; Mi\u00e9rcoles de 10:00 a 13:00 horas"},"content":{"rendered":"<p><img loading=\"lazy\" decoding=\"async\" class=\"wp-image-10272 aligncenter\" src=\"http:\/\/185.198.182.77\/wp-content\/uploads\/2023\/01\/consulta-medicaysociosanitaria.jpg\" alt=\"\" width=\"621\" height=\"440\" srcset=\"https:\/\/reyheredia.es\/wp-content\/uploads\/2023\/01\/consulta-medicaysociosanitaria.jpg 1600w, https:\/\/reyheredia.es\/wp-content\/uploads\/2023\/01\/consulta-medicaysociosanitaria-300x214.jpg 300w, https:\/\/reyheredia.es\/wp-content\/uploads\/2023\/01\/consulta-medicaysociosanitaria-1024x724.jpg 1024w, https:\/\/reyheredia.es\/wp-content\/uploads\/2023\/01\/consulta-medicaysociosanitaria-768x543.jpg 768w, https:\/\/reyheredia.es\/wp-content\/uploads\/2023\/01\/consulta-medicaysociosanitaria-1536x1087.jpg 1536w\" sizes=\"auto, (max-width: 621px) 100vw, 621px\" \/><\/p>\n<p>&nbsp;<\/p>\n<ul>\n<li><span style=\"font-size: 14pt;\"><strong>Ayuda a la toma de decisiones relacionada con tratamientos m\u00e9dicos, intervenciones quir\u00fargicas, pruebas diagn\u00f3sticas, etc..<\/strong><\/span><\/li>\n<li><span style=\"font-size: 14pt;\"><strong>Consulta sobre cirug\u00eda pl\u00e1stica, est\u00e9tica y reparadora.<\/strong><\/span><\/li>\n<li><span style=\"font-size: 14pt;\"><strong>Interpretaci\u00f3n de Informes m\u00e9dicos<\/strong><\/span><\/li>\n<li><span style=\"font-size: 14pt;\"><strong>Orientaci\u00f3n sobre h\u00e1bitos de vida saludable, adicciones, dietas, etc..<\/strong><\/span><\/li>\n<li><span style=\"font-size: 14pt;\"><strong>Estudio sobre cualquier duda en el campo de la Salud.<\/strong><\/span><\/li>\n<\/ul>\n","protected":false},"excerpt":{"rendered":"<p>&nbsp; Ayuda a la toma de decisiones relacionada con tratamientos m\u00e9dicos, intervenciones quir\u00fargicas, pruebas diagn\u00f3sticas, etc.. Consulta sobre cirug\u00eda pl\u00e1stica,<\/p>\n","protected":false},"author":1,"featured_media":10272,"parent":0,"menu_order":0,"comment_status":"closed","ping_status":"closed","template":"","meta":{"colormag_page_container_layout":"default_layout","colormag_page_sidebar_layout":"default_layout","footnotes":""},"class_list":["post-2447","page","type-page","status-publish","has-post-thumbnail","hentry"],"_links":{"self":[{"href":"https:\/\/reyheredia.es\/index.php?rest_route=\/wp\/v2\/pages\/2447","targetHints":{"allow":["GET"]}}],"collection":[{"href":"https:\/\/reyheredia.es\/index.php?rest_route=\/wp\/v2\/pages"}],"about":[{"href":"https:\/\/reyheredia.es\/index.php?rest_route=\/wp\/v2\/types\/page"}],"author":[{"embeddable":true,"href":"https:\/\/reyheredia.es\/index.php?rest_route=\/wp\/v2\/users\/1"}],"replies":[{"embeddable":true,"href":"https:\/\/reyheredia.es\/index.php?rest_route=%2Fwp%2Fv2%2Fcomments&post=2447"}],"version-history":[{"count":0,"href":"https:\/\/reyheredia.es\/index.php?rest_route=\/wp\/v2\/pages\/2447\/revisions"}],"wp:featuredmedia":[{"embeddable":true,"href":"https:\/\/reyheredia.es\/index.php?rest_route=\/wp\/v2\/media\/10272"}],"wp:attachment":[{"href":"https:\/\/reyheredia.es\/index.php?rest_route=%2Fwp%2Fv2%2Fmedia&parent=2447"}],"curies":[{"name":"wp","href":"https:\/\/api.w.org\/{rel}","templated":true}]}}