{"id":243,"date":"2019-09-13T18:52:11","date_gmt":"2019-09-13T16:52:11","guid":{"rendered":"http:\/\/www.reyheredia.es\/wordpress\/?page_id=243"},"modified":"2022-05-18T11:46:47","modified_gmt":"2022-05-18T09:46:47","slug":"plan-de-financiacion-y-autogestion","status":"publish","type":"page","link":"https:\/\/reyheredia.es\/?page_id=243","title":{"rendered":"Plan de Financiaci\u00f3n y Autogesti\u00f3n"},"content":{"rendered":"<p style=\"text-align: justify;\">El Centro Social Rey Heredia es un espacio consolidado, referente para la realizaci\u00f3n de m\u00faltiples actividades, encuentros, celebraciones, reuniones, asambleas\u2026etc de muchos colectivos. Y donde se vienen realizando acciones de apoyo a la Comunidad como la Cocina Abierta, Apoyo Educativo, Biblioteca, Inform\u00e1tica\u2026<\/p>\n<p style=\"text-align: justify;\">Un lugar en el que han nacido y se mantienen colectivos que trabajan para reivindicar cambios en un sistema injusto e insostenible y por el que pasan cientos de personas interesadas por \u201cesa otra forma de hacer las cosas\u201d; la solidaridad, el apoyo mutuo y la autogesti\u00f3n, principios que se mantienen en el Centro como ideolog\u00eda pol\u00edtica.<\/p>\n<p style=\"text-align: justify;\">Esos valores conllevan que el Centro no se mantiene con subvenciones ni ayudas que provengan de instituciones p\u00fablicas ni privadas. Implica que todas las actividades son gratuitas porque entendemos otras formas de intercambio.<\/p>\n<p style=\"text-align: justify;\">Queremos promover que seamos todas y todos las\/os que formamos parte de \u00e9l quienes nos comprometamos a asegurar la permanencia del centro.<\/p>\n<p style=\"text-align: justify;\">De esta forma, es la participaci\u00f3n activa de personas y colectivos a trav\u00e9s de sus propuestas y acciones la principal aportaci\u00f3n al objeto de sus fines.<\/p>\n<p style=\"text-align: justify;\">Hasta ahora, el funcionamiento del Centro ha permitido, gracias a la especial disponibilidad y trabajo de un grupo de personas y de numerosas aportaciones materiales y econ\u00f3micas, responder a las necesidades que han ido surgiendo.<br \/>\nNo obstante,se considera esencial implicar a todas las personas y colectivos que participan y simpatizan con el proyecto, para que tengan presente en todo momento su posibilidadde colaboraci\u00f3n.<\/p>\n<p style=\"text-align: justify;\">Tras la celebraci\u00f3n de nuestra \u00faltima Asamblea (06\/04\/18) hemos acordado formalizar las v\u00edas de colaboraci\u00f3n econ\u00f3mica, a fin de asegurar un sostenimiento mantenido en el tiempo que permita afrontar los m\u00ednimos necesarios.<\/p>\n<p style=\"text-align: justify;\"><em><strong>Aportaciones de apoyo al Centro Social:<\/strong><\/em><\/p>\n<p style=\"text-align: justify;\"><em><strong>\u2022 Personales:<\/strong><\/em><\/p>\n<p style=\"text-align: justify;\">Las aportaciones personales se podr\u00e1n realizar a trav\u00e9s de un ingreso en la cuenta bancaria\u00a0del Centro, para colaboraciones puntuales, o bien rellenando la Ficha de Colaboraci\u00f3n a trav\u00e9s\u00a0de la cual la donaci\u00f3n puede mensual o trimestral. Recomendamos esta opci\u00f3n si las aportaciones\u00a0van a ser regulares, a fin de poder anticipar la situaci\u00f3n econ\u00f3mica del centro para el\u00a0desarrollo de sus actividades.<\/p>\n<p style=\"text-align: justify;\"><em><strong>\u2022 Colectivas:<\/strong><\/em><\/p>\n<p style=\"text-align: justify;\">A los colectivos que hacen uso del Centro Social Rey Heredia o aquellos que se sientan solidarios\u00a0con su actividad, se les ofrece la posibilidad de regularizar un apoyo econ\u00f3mico al Centro\u00a0Social a trav\u00e9s de la Ficha de Colaboraci\u00f3n.<\/p>\n<p style=\"padding-left: 40px;\"><img loading=\"lazy\" decoding=\"async\" class=\"alignnone wp-image-415 size-full\" src=\"http:\/\/185.198.182.77\/wp-content\/uploads\/2019\/09\/pdf_button.png\" alt=\"\" width=\"14\" height=\"14\" \/>\u00a0<a href=\".\/wp-content\/uploads\/2020\/09\/diptico-financiacion-CSRH-mod-sep-2020.pdf\" target=\"_blank\" rel=\"noopener noreferrer\">Ficha y documento Plan de Financiaci\u00f3n y Autogesti\u00f3n<\/a><\/p>\n<hr \/>\n<div class=\"frm_forms  with_frm_style frm_style_estilos-formidable\" id=\"frm_form_3_container\" data-token=\"95802a0398fbbfce36ce1f804aa74b41\">\n<form enctype=\"multipart\/form-data\" method=\"post\" class=\"frm-show-form \" id=\"form_aportacionesdeapoyoalcentrosocial\" data-token=\"95802a0398fbbfce36ce1f804aa74b41\">\n<div class=\"frm_form_fields \">\n<fieldset>\n<legend class=\"frm_screen_reader\">Aportaciones de apoyo al Centro Social<\/legend>\r\n\r\n<div class=\"frm_fields_container\">\n<input type=\"hidden\" name=\"frm_action\" value=\"create\" \/>\n<input type=\"hidden\" name=\"form_id\" value=\"3\" \/>\n<input type=\"hidden\" name=\"frm_hide_fields_3\" id=\"frm_hide_fields_3\" value=\"\" \/>\n<input type=\"hidden\" name=\"form_key\" value=\"aportacionesdeapoyoalcentrosocial\" \/>\n<input type=\"hidden\" name=\"item_meta[0]\" value=\"\" \/>\n<input type=\"hidden\" id=\"frm_submit_entry_3\" name=\"frm_submit_entry_3\" value=\"aca347fb8f\" \/><input type=\"hidden\" name=\"_wp_http_referer\" value=\"\/index.php?rest_route=%2Fwp%2Fv2%2Fpages%2F243\" \/><div id=\"frm_field_26_container\" class=\"frm_form_field form-field  frm_required_field frm_top_container frm6 frm_first\">\r\n    <label for=\"field_v815\" id=\"field_v815_label\" class=\"frm_primary_label\">Nombre de la persona o Asociaci\u00f3n:\r\n        <span class=\"frm_required\" aria-hidden=\"true\">*<\/span>\r\n    <\/label>\r\n    <input type=\"text\" id=\"field_v815\" name=\"item_meta[26]\" value=\"\"  data-reqmsg=\"Este campo no puede estar en blanco.\" aria-required=\"true\" data-invmsg=\"Texto no es v\u00e1lido\" aria-invalid=\"false\"  \/>\r\n    \r\n    \r\n<\/div>\n<div id=\"frm_field_35_container\" class=\"frm_form_field form-field  frm_top_container frm6\">\r\n    <label for=\"field_b4da8\" id=\"field_b4da8_label\" class=\"frm_primary_label\">Correo electr\u00f3nico:\r\n        <span class=\"frm_required\" aria-hidden=\"true\"><\/span>\r\n    <\/label>\r\n    <input type=\"email\" id=\"field_b4da8\" name=\"item_meta[35]\" value=\"\"  data-invmsg=\"Correo electr\u00f3nico no es v\u00e1lido\" aria-invalid=\"false\"  \/>\r\n    \r\n    \r\n<\/div>\n<div id=\"frm_field_31_container\" class=\"frm_form_field  frm_html_container form-field\">\n<p><b>Tipo de aportaci\u00f3n:<\/b><\/p>\n<\/div>\n<div id=\"frm_field_30_container\" class=\"frm_form_field form-field  frm_inline_container frm6 frm_first vertical_radio\">\r\n    <div  id=\"field_q3ifm_label\" class=\"frm_primary_label\">Periodicidad:\r\n        <span class=\"frm_required\" aria-hidden=\"true\"><\/span>\r\n    <\/div>\r\n    <div class=\"frm_opt_container\" aria-labelledby=\"field_q3ifm_label\" role=\"radiogroup\">\t\t<div class=\"frm_radio\" id=\"frm_radio_30-0\">\t\t\t<label  for=\"field_q3ifm-0\">\n\t\t\t\t\t<input type=\"radio\" name=\"item_meta[30]\" id=\"field_q3ifm-0\" value=\"Mensual\"\n\t\t data-invmsg=\"Periodicidad: no es v\u00e1lido\"   \/> Mensual<\/label><\/div>\n\t\t<div class=\"frm_radio\" id=\"frm_radio_30-1\">\t\t\t<label  for=\"field_q3ifm-1\">\n\t\t\t\t\t<input type=\"radio\" name=\"item_meta[30]\" id=\"field_q3ifm-1\" value=\"Trimestral\"\n\t\t data-invmsg=\"Periodicidad: no es v\u00e1lido\"   \/> Trimestral<\/label><\/div>\n\t\t<div class=\"frm_radio\" id=\"frm_radio_30-2\">\t\t\t<label  for=\"field_q3ifm-2\">\n\t\t\t\t\t<input type=\"radio\" name=\"item_meta[30]\" id=\"field_q3ifm-2\" value=\"Anual\"\n\t\t data-invmsg=\"Periodicidad: no es v\u00e1lido\"   \/> Anual<\/label><\/div>\n<\/div>\r\n    \r\n    \r\n<\/div>\n<div id=\"frm_field_27_container\" class=\"frm_form_field form-field  frm_top_container frm6\">\r\n    <label for=\"field_q4ydv\" id=\"field_q4ydv_label\" class=\"frm_primary_label\">Cantidad:\r\n        <span class=\"frm_required\" aria-hidden=\"true\"><\/span>\r\n    <\/label>\r\n    <input type=\"number\" id=\"field_q4ydv\" name=\"item_meta[27]\" value=\"\"  data-invmsg=\"Texto no es v\u00e1lido\" aria-invalid=\"false\"   min=\"0\" max=\"9999999\" step=\"1\"\/>\r\n    \r\n    \r\n<\/div>\n<div id=\"frm_field_28_container\" class=\"frm_form_field form-field  frm_top_container frm6 frm_first\">\r\n    <label for=\"field_uecld\" id=\"field_uecld_label\" class=\"frm_primary_label\">La aportaci\u00f3n comenzar\u00e1 en:\r\n        <span class=\"frm_required\" aria-hidden=\"true\"><\/span>\r\n    <\/label>\r\n    <input type=\"text\" id=\"field_uecld\" name=\"item_meta[28]\" value=\"DD\/MM\/AAAA\"  data-frmval=\"DD\/MM\/AAAA\" data-invmsg=\"Texto no es v\u00e1lido\" aria-invalid=\"false\"  \/>\r\n    \r\n    \r\n<\/div>\n<div id=\"frm_field_29_container\" class=\"frm_form_field form-field  frm_top_container frm6\">\r\n    <label for=\"field_14xf1\" id=\"field_14xf1_label\" class=\"frm_primary_label\">Mantendr\u00e9 la aportaci\u00f3n hasta:\r\n        <span class=\"frm_required\" aria-hidden=\"true\"><\/span>\r\n    <\/label>\r\n    <input type=\"text\" id=\"field_14xf1\" name=\"item_meta[29]\" value=\"DD\/MM\/AAAA\"  data-frmval=\"DD\/MM\/AAAA\" data-invmsg=\"Texto no es v\u00e1lido\" aria-invalid=\"false\"  \/>\r\n    \r\n    \r\n<\/div>\n<div id=\"frm_field_34_container\" class=\"frm_form_field  frm_html_container form-field\">\n<p>(Si hay alg\u00fan cambio en estos datos los comunicar\u00e9 al Centro)<\/p>\n<\/div>\n<div id=\"frm_field_38_container\" class=\"frm_form_field form-field \">\r\n\t<div class=\"frm_submit\">\r\n\r\n<button class=\"frm_button_submit\" type=\"submit\"  >Enviar<\/button>\r\n\r\n<\/div>\r\n<\/div>\n\t<input type=\"hidden\" name=\"item_key\" value=\"\" \/>\n\t\t\t<div id=\"frm_field_43_container\">\n\t\t\t<label for=\"field_w7ptw\" >\n\t\t\t\tSi eres humano, deja este campo en blanco.\t\t\t<\/label>\n\t\t\t<input  id=\"field_w7ptw\" type=\"text\" class=\"frm_form_field form-field frm_verify\" name=\"item_meta[43]\" value=\"\"  \/>\n\t\t<\/div>\n\t\t<input name=\"frm_state\" type=\"hidden\" value=\"3pLVuUVrDbbUDkUYyAZK+y5ir6KU7TmV5P8Sc4bo2Pc=\" \/><\/div>\n<\/fieldset>\n<\/div>\n\n<\/form>\n<\/div>\n\n<hr \/>\n<table style=\"height: 111px; width: 100%; border-collapse: collapse;\" border=\"1\">\n<tbody>\n<tr>\n<td style=\"width: 100%; padding-left: 40px;\"><em><strong>Tanto para las aportaciones individuales como colectivas se recuerda:<\/strong><\/em><\/p>\n<p>\u2022 Son voluntarias<br \/>\n\u2022 No implican ning\u00fan poder de decisi\u00f3n sobre el Centro Social.<br \/>\n\u2022 Contribuyen a que todos los gastos derivados de sus actividades y de\u00a0sostenimiento del Centro puedan cubrirse.<\/td>\n<\/tr>\n<\/tbody>\n<\/table>\n<p><em><strong>\u2022 Aportaciones derivadas de las actividades propias del centro o de otros colectivos\u00a0(Bote Solidario)<\/strong><\/em><\/p>\n<p style=\"text-align: justify;\">Las actividades propias del Centro van a continuar siendo una v\u00eda de financiaci\u00f3n a trav\u00e9s\u00a0del Bote Solidario. Es necesario el reparto equitativo del trabajo de organizaci\u00f3n y desarrollo\u00a0de estas actividades, para lo cual se pedir\u00e1 colaboraci\u00f3n como forma de participaci\u00f3n en el\u00a0Centro adem\u00e1s del acuerdo previo en la reuni\u00f3n de coordinaci\u00f3n de las personas encargadas\u00a0para cada actividad.<\/p>\n<p style=\"text-align: justify;\">En el caso de las actividades de otros colectivos se fijar\u00e1n previamente las condiciones\u00a0y colaboraci\u00f3n del colectivo con el sostenimiento del Centro Social y los gastos del mismo\u00a0derivados de la propia actividad, entendiendo que a mayor trabajo y gastos requieran para el\u00a0Centro Social los eventos que se propongan, mayor colaboraci\u00f3n rec\u00edproca debe haber.<\/p>\n<p style=\"text-align: justify;\">Posteriormente a la actividad es necesaria la asistencia, por parte del colectivo, a la\u00a0reuni\u00f3n de coordinaci\u00f3n para la evaluaci\u00f3n de la actividad y resultado econ\u00f3mico de la misma.<\/p>\n<p style=\"text-align: justify;\">Por parte del Centro Social Rey Heredia se prestar\u00e1 apoyo a las actividades propuestas\u00a0siendo imprescindible que haya personas, para dicho apoyo log\u00edstico, del colectivo que\u00a0organiza la actividad. Se recuerda que el Centro es un espacio donde el apoyo mutuo es la\u00a0base del trabajo que realizamos.<\/p>\n","protected":false},"excerpt":{"rendered":"<p>El Centro Social Rey Heredia es un espacio consolidado, referente para la realizaci\u00f3n de m\u00faltiples actividades, encuentros, celebraciones, reuniones, asambleas\u2026etc<\/p>\n","protected":false},"author":1,"featured_media":0,"parent":0,"menu_order":0,"comment_status":"closed","ping_status":"closed","template":"","meta":{"colormag_page_container_layout":"default_layout","colormag_page_sidebar_layout":"default_layout","footnotes":""},"class_list":["post-243","page","type-page","status-publish","hentry"],"_links":{"self":[{"href":"https:\/\/reyheredia.es\/index.php?rest_route=\/wp\/v2\/pages\/243","targetHints":{"allow":["GET"]}}],"collection":[{"href":"https:\/\/reyheredia.es\/index.php?rest_route=\/wp\/v2\/pages"}],"about":[{"href":"https:\/\/reyheredia.es\/index.php?rest_route=\/wp\/v2\/types\/page"}],"author":[{"embeddable":true,"href":"https:\/\/reyheredia.es\/index.php?rest_route=\/wp\/v2\/users\/1"}],"replies":[{"embeddable":true,"href":"https:\/\/reyheredia.es\/index.php?rest_route=%2Fwp%2Fv2%2Fcomments&post=243"}],"version-history":[{"count":0,"href":"https:\/\/reyheredia.es\/index.php?rest_route=\/wp\/v2\/pages\/243\/revisions"}],"wp:attachment":[{"href":"https:\/\/reyheredia.es\/index.php?rest_route=%2Fwp%2Fv2%2Fmedia&parent=243"}],"curies":[{"name":"wp","href":"https:\/\/api.w.org\/{rel}","templated":true}]}}