{"id":1,"date":"2019-04-02T05:55:15","date_gmt":"2019-04-02T03:55:15","guid":{"rendered":"http:\/\/www.reyheredia.es\/wordpress\/index.php\/el-centro\/"},"modified":"2025-04-15T08:10:44","modified_gmt":"2025-04-15T06:10:44","slug":"el-centro","status":"publish","type":"page","link":"https:\/\/reyheredia.es\/?page_id=1","title":{"rendered":"Formulario petici\u00f3n espacios"},"content":{"rendered":"<div class=\"row\">\n<div class=\"col-md-12\">\n<div class=\"form-group psfb-single-container\">\n<div class=\"frm_forms  with_frm_style frm_style_estilos-formidable\" id=\"frm_form_2_container\" data-token=\"daf2159f0b1a306148f1a6ed68721627\">\n<form enctype=\"multipart\/form-data\" method=\"post\" class=\"frm-show-form \" id=\"form_peticiones\" data-token=\"daf2159f0b1a306148f1a6ed68721627\">\n<div class=\"frm_form_fields \">\n<fieldset>\n<legend class=\"frm_screen_reader\">Formulario petici\u00f3n espacios<\/legend>\r\n\r\n<div class=\"frm_fields_container\">\n<input type=\"hidden\" name=\"frm_action\" value=\"create\" \/>\n<input type=\"hidden\" name=\"form_id\" value=\"2\" \/>\n<input type=\"hidden\" name=\"frm_hide_fields_2\" id=\"frm_hide_fields_2\" value=\"\" \/>\n<input type=\"hidden\" name=\"form_key\" value=\"peticiones\" \/>\n<input type=\"hidden\" name=\"item_meta[0]\" value=\"\" \/>\n<input type=\"hidden\" id=\"frm_submit_entry_2\" name=\"frm_submit_entry_2\" value=\"1b420ce731\" \/><input type=\"hidden\" name=\"_wp_http_referer\" value=\"\/index.php?rest_route=%2Fwp%2Fv2%2Fpages%2F1\" \/><div id=\"frm_field_17_container\" class=\"frm_form_field  frm10 frm12 frm_html_container form-field\">\n<div class=\"row\">\n<div class=\"col-md-12\">\n<div class=\"form-group psfb-single-container\">\n<p class=\"\" style=\"text-align: justify;\">El Centro Social Rey Heredia est\u00e1 abierto de forma habitual de lunes a viernes desde las <b>10.00 hasta las 21.00 horas.<\/b><\/p>\n<\/div>\n<\/div>\n<\/div>\n<div class=\"row\">\n<div class=\"col-md-12\">\n<div class=\"form-group psfb-single-container\">\n<p class=\"\" style=\"text-align: justify;\">En el Rey Heredia se toman las principales decisiones en Asamblea que se convocan siempre que se estima necesario. Adem\u00e1s, cada semana se re\u00fane la Comisi\u00f3n de Coordinaci\u00f3n, cuyas funciones son organizar las tareas cotidianas del Centro, convocar jornadas de trabajo, distribuir los espacios para las distintas actividades o encargarse de la comunicaci\u00f3n.<\/p>\n<\/div>\n<\/div>\n<\/div>\n<hr \/>\n<div style=\"text-align: right;\">\u00a0<\/div>\n<\/div>\n<div id=\"frm_field_14_container\" class=\"frm_form_field form-field  frm_required_field frm_top_container frm12 frm_first\">\r\n    <label for=\"field_rooyi\" id=\"field_rooyi_label\" class=\"frm_primary_label\">Nombre y\/o Colectivo - Organizaci\u00f3n\r\n        <span class=\"frm_required\" aria-hidden=\"true\">*<\/span>\r\n    <\/label>\r\n    <input type=\"text\" id=\"field_rooyi\" name=\"item_meta[14]\" value=\"\"  style=\"width:800px\" data-reqmsg=\"Este campo no puede estar en blanco.\" aria-required=\"true\" data-invmsg=\"Texto no es v\u00e1lido\" class=\"auto_width\" aria-invalid=\"false\"  \/>\r\n    \r\n    \r\n<\/div>\n<div id=\"frm_field_15_container\" class=\"frm_form_field form-field  frm_top_container frm12  frm6 frm_first\">\r\n    <label for=\"field_9uk2u\" id=\"field_9uk2u_label\" class=\"frm_primary_label\">Correo electr\u00f3nico\r\n        <span class=\"frm_required\" aria-hidden=\"true\"><\/span>\r\n    <\/label>\r\n    <input type=\"email\" id=\"field_9uk2u\" name=\"item_meta[15]\" value=\"\"  style=\"width:250px\" data-invmsg=\"Correo electr\u00f3nico no es v\u00e1lido\" class=\"auto_width\" aria-invalid=\"false\"  \/>\r\n    \r\n    \r\n<\/div>\n<div id=\"frm_field_25_container\" class=\"frm_form_field form-field  frm_top_container frm6\">\r\n    <label for=\"field_sxpt6\" id=\"field_sxpt6_label\" class=\"frm_primary_label\">Tel\u00e9fono\r\n        <span class=\"frm_required\" aria-hidden=\"true\"><\/span>\r\n    <\/label>\r\n    <input type=\"text\" id=\"field_sxpt6\" name=\"item_meta[25]\" value=\"\"  style=\"width:250px\" data-invmsg=\"Texto no es v\u00e1lido\" class=\"auto_width\" aria-invalid=\"false\"  \/>\r\n    \r\n    \r\n<\/div>\n<div id=\"frm_field_19_container\" class=\"frm_form_field form-field  frm_required_field frm_top_container\">\r\n    <label for=\"field_7ivil\" id=\"field_7ivil_label\" class=\"frm_primary_label\">Descripci\u00f3n de la Actividad - evento\r\n        <span class=\"frm_required\" aria-hidden=\"true\">*<\/span>\r\n    <\/label>\r\n    <textarea name=\"item_meta[19]\" id=\"field_7ivil\" rows=\"5\"  style=\"width:800px\" cols=\"88\" data-reqmsg=\"Este campo no puede estar en blanco.\" aria-required=\"true\" data-invmsg=\"Descripci\u00f3n de la Actividad - evento no es v\u00e1lido\" class=\"auto_width\" aria-invalid=\"false\"  ><\/textarea>\r\n    \r\n    \r\n<\/div>\n<div id=\"frm_field_21_container\" class=\"frm_form_field  frm_html_container form-field\">\n<p><strong><span style=\"font-size: 12pt; font-family: arial, helvetica, sans-serif;\">Fecha y hora aproximada:<\/span><\/strong><\/p>\n<\/div>\n<div id=\"frm_field_18_container\" class=\"frm_form_field form-field  frm_required_field frm_top_container frm12 frm12 frm12 frm12  frm6 frm_first\">\r\n    <label for=\"field_t5t3t\" id=\"field_t5t3t_label\" class=\"frm_primary_label\">Fecha:\r\n        <span class=\"frm_required\" aria-hidden=\"true\">*<\/span>\r\n    <\/label>\r\n    <input type=\"text\" id=\"field_t5t3t\" name=\"item_meta[18]\" value=\"DD\/MM\/AA\"  style=\"width:250px\" data-frmval=\"DD\/MM\/AA\" data-reqmsg=\"Este campo no puede estar en blanco.\" aria-required=\"true\" data-invmsg=\"Texto no es v\u00e1lido\" class=\"auto_width\" aria-invalid=\"false\"  \/>\r\n    \r\n    \r\n<\/div>\n<div id=\"frm_field_20_container\" class=\"frm_form_field form-field  frm_required_field frm_top_container frm12 frm6\">\r\n    <label for=\"field_5v6g1\" id=\"field_5v6g1_label\" class=\"frm_primary_label\">Hora:\r\n        <span class=\"frm_required\" aria-hidden=\"true\">*<\/span>\r\n    <\/label>\r\n    <input type=\"text\" id=\"field_5v6g1\" name=\"item_meta[20]\" value=\"HH:MM\"  style=\"width:250px\" data-frmval=\"HH:MM\" data-reqmsg=\"Este campo no puede estar en blanco.\" aria-required=\"true\" data-invmsg=\"Texto no es v\u00e1lido\" class=\"auto_width\" aria-invalid=\"false\"  \/>\r\n    \r\n    \r\n<\/div>\n<div id=\"frm_field_22_container\" class=\"frm_form_field form-field  frm_top_container frm12 frm_first\">\r\n    <label for=\"field_7ne7y\" id=\"field_7ne7y_label\" class=\"frm_primary_label\">Sitio Web\/URL\r\n        <span class=\"frm_required\" aria-hidden=\"true\"><\/span>\r\n    <\/label>\r\n    <input type=\"url\" id=\"field_7ne7y\" name=\"item_meta[22]\" value=\"\"  style=\"width:800px\" data-invmsg=\"Sitio Web\/URL no es v\u00e1lido\" class=\"auto_width\" aria-invalid=\"false\"  \/>\r\n    \r\n    \r\n<\/div>\n<div id=\"frm_field_36_container\" class=\"frm_form_field form-field \">\r\n\t<div class=\"frm_submit\">\r\n\r\n<button class=\"frm_button_submit\" type=\"submit\"  >Enviar<\/button>\r\n\r\n<\/div>\r\n<\/div>\n\t<input type=\"hidden\" name=\"item_key\" value=\"\" \/>\n\t\t\t<div id=\"frm_field_43_container\">\n\t\t\t<label for=\"field_ik9e1\" >\n\t\t\t\tSi eres humano, deja este campo en blanco.\t\t\t<\/label>\n\t\t\t<input  id=\"field_ik9e1\" type=\"text\" class=\"frm_form_field form-field frm_verify\" name=\"item_meta[43]\" value=\"\"  \/>\n\t\t<\/div>\n\t\t<input name=\"frm_state\" type=\"hidden\" value=\"z0lU9bZStExZ03fTsgenPrtjM0QS62oIyp0HpzBV2Mw=\" \/><\/div>\n<\/fieldset>\n<\/div>\n\n<\/form>\n<\/div>\n\n<h1 class=\"\">\u00bfC\u00f3mo funcionamos?<\/h1>\n<\/div>\n<\/div>\n<\/div>\n<div class=\"row\">\n<div class=\"col-md-12\">\n<div class=\"form-group psfb-single-container\">\n<div class=\"\">\n<p><b>Derechos de las asociaciones, colectivos o personas que participan en el Centro:<\/b><\/p>\n<p>Uso de los espacios e infraestructura del Centro, previamente solicitado al grupo de coordinaci\u00f3n o Asamblea.<\/p>\n<p>Estar informados de los pormenores de la organizaci\u00f3n del centro.<\/p>\n<p>Formar parte de la Asamblea y de la Comisi\u00f3n de Coordinaci\u00f3n.<\/p>\n<hr \/>\n<p><b>Deberes de las asociaciones y colectivos:<\/b><\/p>\n<p>Para la realizaci\u00f3n de un proyecto, taller, charla, debate, reuni\u00f3n, etc, rellenar este formulario o presentar una solicitud formalmente por correo-e:<a href=\"mailto:info.reyheredia@gmail.com\"> info.reyheredia@gmail.com<\/a> <b>CON TIEMPO SUFICIENTE<\/b>\u00a0para que sea tratada y aprobada en la reuni\u00f3n de coordinaci\u00f3n que se celebra todos los martes a las 18:00 o asistir presencialmente a ella.<\/p>\n<p>\u2022 Comprometerse a respetar en todo el momento el trabajo de los dem\u00e1s colectivos y personas.<\/p>\n<p>\u2022 Implicarse en los proyectos comunes del Centro, en la medida de sus posibilidades y de acuerdo con sus propios objetivos.<\/p>\n<p>\u2022 Cuidar los espacios tanto comunes como particulares y cumplir las medidas de seguridad. En particular, todos cuidar\u00e1n de mantener abierta la cancela m\u00e1s pr\u00f3xima al acceso trasero al edificio mientras haya en la casa alguna persona, y de cerrarla cuando no haya nadie. Participar en la limpieza y mantenimiento del centro.<\/p>\n<p>\u2022 Participar en las actividades de autogesti\u00f3n que se realicen en el centro.<\/p>\n<p>\u2022 Enfoque de g\u00e9nero y uso de un lenguaje inclusivo en todas las actuaciones.<\/p>\n<p>\u2022 Realizar las actividades con la mayor autonom\u00eda posible, pudiendo recabar colaboraci\u00f3n a trav\u00e9s de la comisi\u00f3n de Coordinaci\u00f3n.<\/p>\n<\/div>\n<\/div>\n<\/div>\n<\/div>\n","protected":false},"excerpt":{"rendered":"<p>\u00bfC\u00f3mo funcionamos? Derechos de las asociaciones, colectivos o personas que participan en el Centro: Uso de los espacios e infraestructura<\/p>\n","protected":false},"author":1,"featured_media":0,"parent":0,"menu_order":6,"comment_status":"closed","ping_status":"closed","template":"","meta":{"colormag_page_container_layout":"default_layout","colormag_page_sidebar_layout":"default_layout","footnotes":""},"class_list":["post-1","page","type-page","status-publish","hentry"],"_links":{"self":[{"href":"https:\/\/reyheredia.es\/index.php?rest_route=\/wp\/v2\/pages\/1","targetHints":{"allow":["GET"]}}],"collection":[{"href":"https:\/\/reyheredia.es\/index.php?rest_route=\/wp\/v2\/pages"}],"about":[{"href":"https:\/\/reyheredia.es\/index.php?rest_route=\/wp\/v2\/types\/page"}],"author":[{"embeddable":true,"href":"https:\/\/reyheredia.es\/index.php?rest_route=\/wp\/v2\/users\/1"}],"replies":[{"embeddable":true,"href":"https:\/\/reyheredia.es\/index.php?rest_route=%2Fwp%2Fv2%2Fcomments&post=1"}],"version-history":[{"count":0,"href":"https:\/\/reyheredia.es\/index.php?rest_route=\/wp\/v2\/pages\/1\/revisions"}],"wp:attachment":[{"href":"https:\/\/reyheredia.es\/index.php?rest_route=%2Fwp%2Fv2%2Fmedia&parent=1"}],"curies":[{"name":"wp","href":"https:\/\/api.w.org\/{rel}","templated":true}]}}